{"id":1300,"date":"2020-06-12T13:07:24","date_gmt":"2020-06-12T13:07:24","guid":{"rendered":"https:\/\/www.scalpcamo.com\/smp-for-women\/"},"modified":"2020-06-12T16:29:37","modified_gmt":"2020-06-12T16:29:37","slug":"smp-pour-femmes","status":"publish","type":"page","link":"https:\/\/www.scalpcamo.com\/fr\/smp-pour-femmes\/","title":{"rendered":"SMP Pour Femmes"},"content":{"rendered":"\t<section class=\"section\" id=\"section_1928397995\">\n\t\t<div class=\"bg section-bg fill bg-fill  bg-loaded\" >\n\n\t\t\t\n\t\t\t<div class=\"section-bg-overlay absolute fill\"><\/div>\n\t\t\t\n\n\t\t<\/div>\n\n\t\t\n\n\t\t<div class=\"section-content relative\">\n\t\t\t\n\n  <div class=\"banner has-hover\" id=\"banner-705966555\">\n          <div class=\"banner-inner fill\">\n        <div class=\"banner-bg fill\" >\n            <div class=\"bg fill bg-fill \"><\/div>\n                        <div class=\"overlay\"><\/div>            \n                    <\/div>\n\t\t\n        <div class=\"banner-layers container\">\n            <div class=\"fill banner-link\"><\/div>            \n   <div id=\"text-box-408233\" class=\"text-box banner-layer x50 md-x50 lg-x50 y90 md-y90 lg-y90 res-text\">\n                                <div class=\"text-box-content text dark\">\n              \n              <div class=\"text-inner text-center\">\n                  \n\t<div id=\"gap-1138431964\" class=\"gap-element clearfix\" style=\"display:block; height:auto;\">\n\t\t\n<style>\n#gap-1138431964 {\n  padding-top: 50px;\n}\n<\/style>\n\t<\/div>\n\t\n<h2 class=\"uppercase thin-font\"><span style=\"color: #d4d4d4;\">Micropigmentation capillaire pour femmes<\/span><\/h2>\n              <\/div>\n           <\/div>\n                            \n<style>\n#text-box-408233 {\n  width: 95%;\n}\n#text-box-408233 .text-box-content {\n  font-size: 90%;\n}\n@media (min-width:550px) {\n  #text-box-408233 {\n    width: 70%;\n  }\n  #text-box-408233 .text-box-content {\n    font-size: 100%;\n  }\n}\n<\/style>\n    <\/div>\n \n        <\/div>\n      <\/div>\n\n            \n<style>\n#banner-705966555 {\n  padding-top: 500px;\n}\n#banner-705966555 .bg.bg-loaded {\n  background-image: url(https:\/\/www.scalpcamo.com\/wp-content\/uploads\/2020\/05\/photo-of-woman-wearing-camouflage-jacket-aa-scaled.jpg);\n}\n#banner-705966555 .overlay {\n  background-color: rgba(15, 15, 15, 0.38);\n}\n#banner-705966555 .bg {\n  background-position: 62% 60%;\n}\n#banner-705966555 .ux-shape-divider--top svg {\n  height: 150px;\n  --divider-top-width: 100%;\n}\n#banner-705966555 .ux-shape-divider--bottom svg {\n  height: 150px;\n  --divider-width: 100%;\n}\n@media (min-width:550px) {\n  #banner-705966555 .overlay {\n    background-color: rgba(15, 15, 15, 0.41);\n  }\n}\n<\/style>\n  <\/div>\n\n\n\t\t<\/div>\n\n\t\t\n<style>\n#section_1928397995 {\n  padding-top: 0px;\n  padding-bottom: 0px;\n  min-height: 500px;\n}\n#section_1928397995 .section-bg-overlay {\n  background-color: rgba(0, 0, 0, 0.7);\n}\n#section_1928397995 .ux-shape-divider--top svg {\n  height: 150px;\n  --divider-top-width: 100%;\n}\n#section_1928397995 .ux-shape-divider--bottom svg {\n  height: 150px;\n  --divider-width: 100%;\n}\n<\/style>\n\t<\/section>\n\t\n\t<section class=\"section\" id=\"section_634198041\">\n\t\t<div class=\"bg section-bg fill bg-fill  bg-loaded\" >\n\n\t\t\t\n\t\t\t<div class=\"section-bg-overlay absolute fill\"><\/div>\n\t\t\t\n\t<div class=\"is-border\"\n\t\tstyle=\"border-color:rgba(92, 92, 92, 0.81);border-width:2px 0px 0px 0px;margin:1x 0px 0px 0px;\">\n\t<\/div>\n\n\t\t<\/div>\n\n\t\t\n\n\t\t<div class=\"section-content relative\">\n\t\t\t\n<div class=\"row align-middle align-center\"  id=\"row-607131308\">\n\n\t<div id=\"col-1105801201\" class=\"col medium-6 small-12 large-6\"  data-animate=\"fadeInUp\">\n\t\t\t\t<div class=\"col-inner text-center\"  >\n\t\t\t\n\t\t\t\n<h2 class=\"uppercase\" style=\"text-align: center;\"><span style=\"font-size: 140%;\"><strong>SMP pour femmes<\/strong><\/span><\/h2>\n<div class=\"is-divider divider clearfix\" style=\"max-width:50px;background-color:rgba(95, 95, 95, 0.49);\"><\/div>\n<p>D\u00e9velopp\u00e9 originalement comme traitement pour hommes, la micropigmentation capillaire est maintenant utilis\u00e9e pour traiter des milliers de femmes \u00e0 travers le monde qui souffrent de perte de cheveux constante. <\/p>\n<p>Les femmes perdent leurs cheveux pour diff\u00e9rentes raisons. Il s\u2019agit souvent d\u2019un d\u00e9balancement hormonal qui peut se manifester comme un probl\u00e8me \u00e0 long terme, bien qu\u2019ils puissent exister des causes \u00e0 plus court terme \u00e9galement. Une r\u00e9cente grossesse est une cause r\u00e9pandue, connue comme la perte de cheveux postpartum, ou encore, la perte de cheveux peut d\u00e9couler d\u2019une r\u00e9action \u00e0 certains m\u00e9dicaments. L\u2019alop\u00e9cie est aussi commune chez la femme, une condition qui peut prendre plusieurs formes incluant l\u2019alopecia areata (perte de cheveux en plaques), l\u2019alopecia totalis (perte de cheveux totale sur la t\u00eate) ou diverses formes de perte de cheveux diffuse, souvent caus\u00e9es par une condition appel\u00e9e telogen effluvium.<\/p>\n<p>Peu importe la cause du probl\u00e8me, la micropigmentation capillaire pour femmes et une solution ad\u00e9quate dans beaucoup de cas puisque que cela diminue le contraste de couleur entre les cheveux et le cuir chevelu, cr\u00e9ant un look plus dense et camouflant en grande partie l\u2019impact de la perte de cheveux chez la femme. <\/p>\n\t\t<\/div>\n\t\t\t\t\n<style>\n#col-1105801201 > .col-inner {\n  padding: 40px 0px 0px 0px;\n}\n<\/style>\n\t<\/div>\n\n\t\n\n\t<div id=\"col-1705894000\" class=\"col medium-6 small-12 large-6\"  data-animate=\"fadeInUp\">\n\t\t\t\t<div class=\"col-inner text-center\"  >\n\t\t\t\n\t\t\t\n\t<div class=\"img has-hover x md-x lg-x y md-y lg-y\" id=\"image_2128281844\">\n\t\t\t\t\t\t\t\t<div class=\"img-inner image-cover box-shadow-1 dark\" style=\"padding-top:100%;\">\n\t\t\t<img width=\"768\" height=\"1024\" src=\"https:\/\/www.scalpcamo.com\/wp-content\/uploads\/2020\/05\/99411419_2524762307625894_4237048837379719168_n-768x1024.jpg\" class=\"attachment-large size-large\" alt=\"\" srcset=\"https:\/\/www.scalpcamo.com\/wp-content\/uploads\/2020\/05\/99411419_2524762307625894_4237048837379719168_n-768x1024.jpg 768w, https:\/\/www.scalpcamo.com\/wp-content\/uploads\/2020\/05\/99411419_2524762307625894_4237048837379719168_n-225x300.jpg 225w, https:\/\/www.scalpcamo.com\/wp-content\/uploads\/2020\/05\/99411419_2524762307625894_4237048837379719168_n-1152x1536.jpg 1152w, https:\/\/www.scalpcamo.com\/wp-content\/uploads\/2020\/05\/99411419_2524762307625894_4237048837379719168_n.jpg 1536w\" sizes=\"(max-width: 768px) 100vw, 768px\" \/>\t\t\t\t\t\t\n\t\t\t\t\t<\/div>\n\t\t\t\t\t\t\t\t\n<style>\n#image_2128281844 {\n  width: 90%;\n}\n<\/style>\n\t<\/div>\n\t\n\t\t<\/div>\n\t\t\t\t\n<style>\n#col-1705894000 > .col-inner {\n  padding: 50px 0px 0px 0px;\n}\n<\/style>\n\t<\/div>\n\n\t\n<\/div>\n\t\t<\/div>\n\n\t\t\n<style>\n#section_634198041 {\n  padding-top: 30px;\n  padding-bottom: 30px;\n}\n#section_634198041 .section-bg-overlay {\n  background-color: rgba(255, 255, 255, 0.92);\n}\n#section_634198041 .ux-shape-divider--top svg {\n  height: 150px;\n  --divider-top-width: 100%;\n}\n#section_634198041 .ux-shape-divider--bottom svg {\n  height: 150px;\n  --divider-width: 100%;\n}\n<\/style>\n\t<\/section>\n\t\n\t<section class=\"section\" id=\"section_970508601\">\n\t\t<div class=\"bg section-bg fill bg-fill  bg-loaded\" >\n\n\t\t\t\n\t\t\t<div class=\"section-bg-overlay absolute fill\"><\/div>\n\t\t\t\n\t<div class=\"is-border\"\n\t\tstyle=\"border-color:rgba(92, 92, 92, 0.81);border-width:1px 0px 0px 0px;margin:1x 0px 0px 0px;\">\n\t<\/div>\n\n\t\t<\/div>\n\n\t\t\n\n\t\t<div class=\"section-content relative\">\n\t\t\t\n\t<div id=\"gap-1081609674\" class=\"gap-element clearfix\" style=\"display:block; height:auto;\">\n\t\t\n<style>\n#gap-1081609674 {\n  padding-top: 30px;\n}\n<\/style>\n\t<\/div>\n\t\n<div class=\"row align-equal\"  id=\"row-173899912\">\n\n\t<div id=\"col-1936725184\" class=\"col medium-6 small-12 large-6\"  >\n\t\t\t\t<div class=\"col-inner text-center\"  >\n\t\t\t\n\t\t\t\n\t<div class=\"img has-hover x md-x lg-x y md-y lg-y\" id=\"image_2113241393\">\n\t\t\t\t\t\t\t\t<div class=\"img-inner image-cover box-shadow-1 dark\" style=\"padding-top:100%;\">\n\t\t\t<img width=\"768\" height=\"1024\" src=\"https:\/\/www.scalpcamo.com\/wp-content\/uploads\/2020\/05\/99297214_3495606490452865_1313218969812860928_n-768x1024.jpg\" class=\"attachment-large size-large\" alt=\"\" srcset=\"https:\/\/www.scalpcamo.com\/wp-content\/uploads\/2020\/05\/99297214_3495606490452865_1313218969812860928_n-768x1024.jpg 768w, https:\/\/www.scalpcamo.com\/wp-content\/uploads\/2020\/05\/99297214_3495606490452865_1313218969812860928_n-225x300.jpg 225w, https:\/\/www.scalpcamo.com\/wp-content\/uploads\/2020\/05\/99297214_3495606490452865_1313218969812860928_n-1152x1536.jpg 1152w, https:\/\/www.scalpcamo.com\/wp-content\/uploads\/2020\/05\/99297214_3495606490452865_1313218969812860928_n.jpg 1536w\" sizes=\"(max-width: 768px) 100vw, 768px\" \/>\t\t\t\t\t\t\n\t\t\t\t\t<\/div>\n\t\t\t\t\t\t\t\t\n<style>\n#image_2113241393 {\n  width: 90%;\n}\n<\/style>\n\t<\/div>\n\t\n\t\t<\/div>\n\t\t\t\t\t<\/div>\n\n\t\n\n\t<div id=\"col-1052073400\" class=\"col medium-6 small-12 large-6\"  data-animate=\"fadeInUp\">\n\t\t\t\t<div class=\"col-inner text-center\"  >\n\t\t\t\n\t\t\t\n<h2 class=\"uppercase\" style=\"text-align: center;\"><span style=\"font-size: 140%;\"><strong>Comment la SMP peut vous aider?<\/strong><\/span><\/h2>\n<div class=\"is-divider divider clearfix\" style=\"max-width:50px;background-color:rgba(95, 95, 95, 0.49);\"><\/div>\n<p>La premi\u00e8re \u00e9tape est la consultation, soit face \u00e0 face ou par t\u00e9l\u00e9phone \u00e0 l\u2019aide de support photo. Ceci nous permet de d\u00e9terminer le type de perte de cheveux dont vous souffrez et \u00e9tablir si la micropigmentation capillaire est une solution ad\u00e9quate en tenant compte de vos circonstances personnelles et du but \u00e0 atteindre.<\/p>\n<p>Nous comprenons l\u2019impact que peut avoir la perte de cheveux pour une femme, et leur d\u00e9sir justifi\u00e9 de faire quelque chose pour la camoufler. Nous avons des connaissances approfondies sur ce type de traitement en lien avec la perte de cheveux et avons les comp\u00e9tences et l\u2019exp\u00e9rience d\u2019adapter nos techniques de micropigmentation capillaire bien au-del\u00e0 de ce qui est possible dans les cliniques de SMP moyennes.<\/p>\n<p>Les traitements pour femmes ne sont pas les m\u00eames que celles pour hommes et ne devraient pas \u00eatre approch\u00e9s de la m\u00eame fa\u00e7on. La client\u00e8le f\u00e9minine a des besoins et anxi\u00e9t\u00e9s extr\u00eamement sp\u00e9cifiques, donc n\u00e9cessite une approche qui fonctionne pour elles et atteint un r\u00e9sultat \u00e0 la hauteur de leurs d\u00e9sirs. <\/p>\n<p>Tous les traitements sont faits dans un environnement priv\u00e9, chaleureux et une ambiance de soutien. Nous sommes engag\u00e9s \u00e0 aider le plus de femmes possible \u00e0 surmonter leurs ins\u00e9curit\u00e9s face \u00e0 la perte de cheveux pour qu\u2019elles puissent passer \u00e0 autre chose et vivre pleinement leur vie en ayant confiance en elles.<\/p>\n\t\t<\/div>\n\t\t\t\t\n<style>\n#col-1052073400 > .col-inner {\n  padding: 40px 0px 0px 0px;\n}\n<\/style>\n\t<\/div>\n\n\t\n<\/div>\n\t\t<\/div>\n\n\t\t\n<style>\n#section_970508601 {\n  padding-top: 30px;\n  padding-bottom: 30px;\n}\n#section_970508601 .section-bg-overlay {\n  background-color: rgba(178, 178, 178, 0.34);\n}\n#section_970508601 .ux-shape-divider--top svg {\n  height: 150px;\n  --divider-top-width: 100%;\n}\n#section_970508601 .ux-shape-divider--bottom svg {\n  height: 150px;\n  --divider-width: 100%;\n}\n<\/style>\n\t<\/section>\n\t\n","protected":false},"excerpt":{"rendered":"","protected":false},"author":3,"featured_media":0,"parent":0,"menu_order":0,"comment_status":"closed","ping_status":"closed","template":"page-transparent-header-light.php","meta":[],"yoast_head":"<!-- This site is optimized with the Yoast SEO plugin v19.6.1 - https:\/\/yoast.com\/wordpress\/plugins\/seo\/ -->\n<title>Scalp Micropigmentation (SMP) Services For Women | Scalp Camo<\/title>\n<meta name=\"description\" content=\"Originally developed as a treatment for men, scalp micropigmentation is now used to treat thousands of women worldwide who are experiencing some kind of ongoing hair loss.\" \/>\n<meta name=\"robots\" content=\"index, follow, max-snippet:-1, max-image-preview:large, max-video-preview:-1\" \/>\n<link rel=\"canonical\" href=\"https:\/\/www.scalpcamo.com\/fr\/smp-pour-femmes\/\" \/>\n<meta property=\"og:locale\" content=\"fr_FR\" \/>\n<meta property=\"og:type\" content=\"article\" \/>\n<meta property=\"og:title\" content=\"Scalp Micropigmentation (SMP) Services For Women | Scalp Camo\" \/>\n<meta property=\"og:description\" content=\"Originally developed as a treatment for men, scalp micropigmentation is now used to treat thousands of women worldwide who are experiencing some kind of ongoing hair loss.\" \/>\n<meta property=\"og:url\" content=\"https:\/\/www.scalpcamo.com\/fr\/smp-pour-femmes\/\" \/>\n<meta property=\"og:site_name\" content=\"Scalp Camo\" \/>\n<meta property=\"article:modified_time\" content=\"2020-06-12T16:29:37+00:00\" \/>\n<meta property=\"og:image\" content=\"https:\/\/www.scalpcamo.com\/wp-content\/uploads\/2020\/05\/photo-of-woman-wearing-camouflage-jacket-aa-scaled.jpg\" \/>\n<meta name=\"twitter:card\" content=\"summary_large_image\" \/>\n<meta name=\"twitter:label1\" content=\"Dur\u00e9e de lecture estim\u00e9e\" \/>\n\t<meta name=\"twitter:data1\" content=\"3 minutes\" \/>\n<script type=\"application\/ld+json\" class=\"yoast-schema-graph\">{\"@context\":\"https:\/\/schema.org\",\"@graph\":[{\"@type\":\"WebPage\",\"@id\":\"https:\/\/www.scalpcamo.com\/fr\/smp-pour-femmes\/\",\"url\":\"https:\/\/www.scalpcamo.com\/fr\/smp-pour-femmes\/\",\"name\":\"Scalp Micropigmentation (SMP) Services For Women | Scalp Camo\",\"isPartOf\":{\"@id\":\"https:\/\/www.scalpcamo.com\/fr\/#website\"},\"datePublished\":\"2020-06-12T13:07:24+00:00\",\"dateModified\":\"2020-06-12T16:29:37+00:00\",\"description\":\"Originally developed as a treatment for men, scalp micropigmentation is now used to treat thousands of women worldwide who are experiencing some kind of ongoing hair loss.\",\"breadcrumb\":{\"@id\":\"https:\/\/www.scalpcamo.com\/fr\/smp-pour-femmes\/#breadcrumb\"},\"inLanguage\":\"fr-FR\",\"potentialAction\":[{\"@type\":\"ReadAction\",\"target\":[\"https:\/\/www.scalpcamo.com\/fr\/smp-pour-femmes\/\"]}]},{\"@type\":\"BreadcrumbList\",\"@id\":\"https:\/\/www.scalpcamo.com\/fr\/smp-pour-femmes\/#breadcrumb\",\"itemListElement\":[{\"@type\":\"ListItem\",\"position\":1,\"name\":\"Home\",\"item\":\"https:\/\/www.scalpcamo.com\/fr\/\"},{\"@type\":\"ListItem\",\"position\":2,\"name\":\"SMP Pour Femmes\"}]},{\"@type\":\"WebSite\",\"@id\":\"https:\/\/www.scalpcamo.com\/fr\/#website\",\"url\":\"https:\/\/www.scalpcamo.com\/fr\/\",\"name\":\"Scalp Camo\",\"description\":\"Quebec Scalp Micropigmentation\",\"potentialAction\":[{\"@type\":\"SearchAction\",\"target\":{\"@type\":\"EntryPoint\",\"urlTemplate\":\"https:\/\/www.scalpcamo.com\/fr\/?s={search_term_string}\"},\"query-input\":\"required name=search_term_string\"}],\"inLanguage\":\"fr-FR\"}]}<\/script>\n<!-- \/ Yoast SEO plugin. -->","yoast_head_json":{"title":"Scalp Micropigmentation (SMP) Services For Women | Scalp Camo","description":"Originally developed as a treatment for men, scalp micropigmentation is now used to treat thousands of women worldwide who are experiencing some kind of ongoing hair loss.","robots":{"index":"index","follow":"follow","max-snippet":"max-snippet:-1","max-image-preview":"max-image-preview:large","max-video-preview":"max-video-preview:-1"},"canonical":"https:\/\/www.scalpcamo.com\/fr\/smp-pour-femmes\/","og_locale":"fr_FR","og_type":"article","og_title":"Scalp Micropigmentation (SMP) Services For Women | Scalp Camo","og_description":"Originally developed as a treatment for men, scalp micropigmentation is now used to treat thousands of women worldwide who are experiencing some kind of ongoing hair loss.","og_url":"https:\/\/www.scalpcamo.com\/fr\/smp-pour-femmes\/","og_site_name":"Scalp Camo","article_modified_time":"2020-06-12T16:29:37+00:00","og_image":[{"url":"https:\/\/www.scalpcamo.com\/wp-content\/uploads\/2020\/05\/photo-of-woman-wearing-camouflage-jacket-aa-scaled.jpg"}],"twitter_card":"summary_large_image","twitter_misc":{"Dur\u00e9e de lecture estim\u00e9e":"3 minutes"},"schema":{"@context":"https:\/\/schema.org","@graph":[{"@type":"WebPage","@id":"https:\/\/www.scalpcamo.com\/fr\/smp-pour-femmes\/","url":"https:\/\/www.scalpcamo.com\/fr\/smp-pour-femmes\/","name":"Scalp Micropigmentation (SMP) Services For Women | Scalp Camo","isPartOf":{"@id":"https:\/\/www.scalpcamo.com\/fr\/#website"},"datePublished":"2020-06-12T13:07:24+00:00","dateModified":"2020-06-12T16:29:37+00:00","description":"Originally developed as a treatment for men, scalp micropigmentation is now used to treat thousands of women worldwide who are experiencing some kind of ongoing hair loss.","breadcrumb":{"@id":"https:\/\/www.scalpcamo.com\/fr\/smp-pour-femmes\/#breadcrumb"},"inLanguage":"fr-FR","potentialAction":[{"@type":"ReadAction","target":["https:\/\/www.scalpcamo.com\/fr\/smp-pour-femmes\/"]}]},{"@type":"BreadcrumbList","@id":"https:\/\/www.scalpcamo.com\/fr\/smp-pour-femmes\/#breadcrumb","itemListElement":[{"@type":"ListItem","position":1,"name":"Home","item":"https:\/\/www.scalpcamo.com\/fr\/"},{"@type":"ListItem","position":2,"name":"SMP Pour Femmes"}]},{"@type":"WebSite","@id":"https:\/\/www.scalpcamo.com\/fr\/#website","url":"https:\/\/www.scalpcamo.com\/fr\/","name":"Scalp Camo","description":"Quebec Scalp Micropigmentation","potentialAction":[{"@type":"SearchAction","target":{"@type":"EntryPoint","urlTemplate":"https:\/\/www.scalpcamo.com\/fr\/?s={search_term_string}"},"query-input":"required name=search_term_string"}],"inLanguage":"fr-FR"}]}},"_links":{"self":[{"href":"https:\/\/www.scalpcamo.com\/fr\/wp-json\/wp\/v2\/pages\/1300"}],"collection":[{"href":"https:\/\/www.scalpcamo.com\/fr\/wp-json\/wp\/v2\/pages"}],"about":[{"href":"https:\/\/www.scalpcamo.com\/fr\/wp-json\/wp\/v2\/types\/page"}],"author":[{"embeddable":true,"href":"https:\/\/www.scalpcamo.com\/fr\/wp-json\/wp\/v2\/users\/3"}],"replies":[{"embeddable":true,"href":"https:\/\/www.scalpcamo.com\/fr\/wp-json\/wp\/v2\/comments?post=1300"}],"version-history":[{"count":3,"href":"https:\/\/www.scalpcamo.com\/fr\/wp-json\/wp\/v2\/pages\/1300\/revisions"}],"predecessor-version":[{"id":1338,"href":"https:\/\/www.scalpcamo.com\/fr\/wp-json\/wp\/v2\/pages\/1300\/revisions\/1338"}],"wp:attachment":[{"href":"https:\/\/www.scalpcamo.com\/fr\/wp-json\/wp\/v2\/media?parent=1300"}],"curies":[{"name":"wp","href":"https:\/\/api.w.org\/{rel}","templated":true}]}}