{"id":1296,"date":"2020-06-12T13:06:50","date_gmt":"2020-06-12T13:06:50","guid":{"rendered":"https:\/\/www.scalpcamo.com\/smp-for-men\/"},"modified":"2020-06-12T20:36:14","modified_gmt":"2020-06-12T20:36:14","slug":"smp-pour-hommes","status":"publish","type":"page","link":"https:\/\/www.scalpcamo.com\/fr\/smp-pour-hommes\/","title":{"rendered":"SMP Pour Hommes"},"content":{"rendered":"\t<section class=\"section\" id=\"section_417758738\">\n\t\t<div class=\"bg section-bg fill bg-fill  bg-loaded\" >\n\n\t\t\t\n\t\t\t<div class=\"section-bg-overlay absolute fill\"><\/div>\n\t\t\t\n\n\t\t<\/div>\n\n\t\t\n\n\t\t<div class=\"section-content relative\">\n\t\t\t\n\n  <div class=\"banner has-hover\" id=\"banner-1321590380\">\n          <div class=\"banner-inner fill\">\n        <div class=\"banner-bg fill\" >\n            <div class=\"bg fill bg-fill \"><\/div>\n                        <div class=\"overlay\"><\/div>            \n                    <\/div>\n\t\t\n        <div class=\"banner-layers container\">\n            <div class=\"fill banner-link\"><\/div>            \n   <div id=\"text-box-1337929640\" class=\"text-box banner-layer x50 md-x50 lg-x50 y90 md-y90 lg-y90 res-text\">\n                                <div class=\"text-box-content text dark\">\n              \n              <div class=\"text-inner text-center\">\n                  \n\t<div id=\"gap-230286564\" class=\"gap-element clearfix\" style=\"display:block; height:auto;\">\n\t\t\n<style>\n#gap-230286564 {\n  padding-top: 50px;\n}\n<\/style>\n\t<\/div>\n\t\n<h2 class=\"uppercase thin-font\"><span style=\"color: #d4d4d4;\">Micropigmentation capillaire pour hommes<\/span><\/h2>\n              <\/div>\n           <\/div>\n                            \n<style>\n#text-box-1337929640 {\n  width: 95%;\n}\n#text-box-1337929640 .text-box-content {\n  font-size: 90%;\n}\n@media (min-width:550px) {\n  #text-box-1337929640 {\n    width: 70%;\n  }\n  #text-box-1337929640 .text-box-content {\n    font-size: 100%;\n  }\n}\n<\/style>\n    <\/div>\n \n        <\/div>\n      <\/div>\n\n            \n<style>\n#banner-1321590380 {\n  padding-top: 500px;\n}\n#banner-1321590380 .bg.bg-loaded {\n  background-image: url(https:\/\/www.scalpcamo.com\/wp-content\/uploads\/2020\/05\/98605329_529642367716339_7251909179575631872_aan-1-scaled.jpg);\n}\n#banner-1321590380 .overlay {\n  background-color: rgba(15, 15, 15, 0.53);\n}\n#banner-1321590380 .bg {\n  background-position: 58% 60%;\n}\n#banner-1321590380 .ux-shape-divider--top svg {\n  height: 150px;\n  --divider-top-width: 100%;\n}\n#banner-1321590380 .ux-shape-divider--bottom svg {\n  height: 150px;\n  --divider-width: 100%;\n}\n<\/style>\n  <\/div>\n\n\n\t\t<\/div>\n\n\t\t\n<style>\n#section_417758738 {\n  padding-top: 0px;\n  padding-bottom: 0px;\n  min-height: 500px;\n}\n#section_417758738 .section-bg-overlay {\n  background-color: rgba(0, 0, 0, 0.7);\n}\n#section_417758738 .ux-shape-divider--top svg {\n  height: 150px;\n  --divider-top-width: 100%;\n}\n#section_417758738 .ux-shape-divider--bottom svg {\n  height: 150px;\n  --divider-width: 100%;\n}\n<\/style>\n\t<\/section>\n\t\n\t<section class=\"section\" id=\"section_1090530658\">\n\t\t<div class=\"bg section-bg fill bg-fill  bg-loaded\" >\n\n\t\t\t\n\t\t\t<div class=\"section-bg-overlay absolute fill\"><\/div>\n\t\t\t\n\t<div class=\"is-border\"\n\t\tstyle=\"border-color:rgba(92, 92, 92, 0.81);border-width:2px 0px 0px 0px;margin:1x 0px 0px 0px;\">\n\t<\/div>\n\n\t\t<\/div>\n\n\t\t\n\n\t\t<div class=\"section-content relative\">\n\t\t\t\n<div class=\"row align-middle align-center\"  id=\"row-25063595\">\n\n\t<div id=\"col-1504979457\" class=\"col medium-6 small-12 large-6\"  data-animate=\"fadeInUp\">\n\t\t\t\t<div class=\"col-inner text-center\"  >\n\t\t\t\n\t\t\t\n<h2 class=\"uppercase\" style=\"text-align: center;\"><span style=\"font-size: 140%;\"><strong>SMP pour hommes<\/strong><\/span><\/h2>\n<div class=\"is-divider divider clearfix\" style=\"max-width:50px;background-color:rgba(95, 95, 95, 0.49);\"><\/div>\n<p>Une solution moderne et n\u00e9cessitant peu d\u2019entretien, la micropigmentation capillaire change la vie des hommes et des femmes \u00e0 travers le monde. Plus d\u2019un demi-million de personnes ont choisi la SMP pour cacher leur calvitie et la popularit\u00e9 de cet incroyable camouflage de la calvitie ne cesse de grandir. <\/p>\n<p>Une technique hautement innovatrice, la micropigmentation capillaire existe dans sa forme la plus simple depuis plus de 20 ans, mais c\u2019est seulement depuis environ les 10 derni\u00e8res ann\u00e9es que la SMP est devenue une solution \u00e0 port\u00e9e de tous pour la perte de cheveux. Implant\u00e9e simultan\u00e9ment par des pionniers et plusieurs leaders de pens\u00e9e en Europe et aux \u00c9tats-Unis, la micropigmentation capillaire est maintenant pratiqu\u00e9e partout \u00e0 travers le monde.  <\/p>\n<p>Parfois d\u00e9crite comme du tatouage de cheveux, de la r\u00e9plication de follicules ou de la tricopigmentation, la micropigmentation capillaire (SMP) est une proc\u00e9dure d\u00e9licate et d\u00e9taill\u00e9e d\u2019implantation de minuscules d\u00e9p\u00f4ts de pigment dans la couche sup\u00e9rieure du derme du cuir chevelu. Con\u00e7ue pour r\u00e9pliquer une repousse de cheveux ras\u00e9s, des milliers de d\u00e9p\u00f4ts de pigment savamment dispos\u00e9s se combinent pour cr\u00e9er l\u2019illusion d\u2019une t\u00eate bien garnie de cheveux ras\u00e9s.<\/p>\n\t\t<\/div>\n\t\t\t\t\n<style>\n#col-1504979457 > .col-inner {\n  padding: 40px 0px 0px 0px;\n}\n<\/style>\n\t<\/div>\n\n\t\n\n\t<div id=\"col-219099697\" class=\"col medium-6 small-12 large-6\"  data-animate=\"fadeInUp\">\n\t\t\t\t<div class=\"col-inner text-center\"  >\n\t\t\t\n\t\t\t\n\t<div class=\"img has-hover x md-x lg-x y md-y lg-y\" id=\"image_1944565453\">\n\t\t\t\t\t\t\t\t<div class=\"img-inner image-cover box-shadow-1 dark\" style=\"padding-top:100%;\">\n\t\t\t<img width=\"768\" height=\"1024\" src=\"https:\/\/www.scalpcamo.com\/wp-content\/uploads\/2020\/05\/98807608_249592632959536_8795127371825938432_n-768x1024.jpg\" class=\"attachment-large size-large\" alt=\"\" srcset=\"https:\/\/www.scalpcamo.com\/wp-content\/uploads\/2020\/05\/98807608_249592632959536_8795127371825938432_n-768x1024.jpg 768w, https:\/\/www.scalpcamo.com\/wp-content\/uploads\/2020\/05\/98807608_249592632959536_8795127371825938432_n-225x300.jpg 225w, https:\/\/www.scalpcamo.com\/wp-content\/uploads\/2020\/05\/98807608_249592632959536_8795127371825938432_n-1152x1536.jpg 1152w, https:\/\/www.scalpcamo.com\/wp-content\/uploads\/2020\/05\/98807608_249592632959536_8795127371825938432_n.jpg 1536w\" sizes=\"(max-width: 768px) 100vw, 768px\" \/>\t\t\t\t\t\t\n\t\t\t\t\t<\/div>\n\t\t\t\t\t\t\t\t\n<style>\n#image_1944565453 {\n  width: 90%;\n}\n<\/style>\n\t<\/div>\n\t\n\t\t<\/div>\n\t\t\t\t\n<style>\n#col-219099697 > .col-inner {\n  padding: 50px 0px 0px 0px;\n}\n<\/style>\n\t<\/div>\n\n\t\n<\/div>\n\t\t<\/div>\n\n\t\t\n<style>\n#section_1090530658 {\n  padding-top: 30px;\n  padding-bottom: 30px;\n}\n#section_1090530658 .section-bg-overlay {\n  background-color: rgba(255, 255, 255, 0.92);\n}\n#section_1090530658 .ux-shape-divider--top svg {\n  height: 150px;\n  --divider-top-width: 100%;\n}\n#section_1090530658 .ux-shape-divider--bottom svg {\n  height: 150px;\n  --divider-width: 100%;\n}\n<\/style>\n\t<\/section>\n\t\n\t<section class=\"section\" id=\"section_532769476\">\n\t\t<div class=\"bg section-bg fill bg-fill  bg-loaded\" >\n\n\t\t\t\n\t\t\t<div class=\"section-bg-overlay absolute fill\"><\/div>\n\t\t\t\n\t<div class=\"is-border\"\n\t\tstyle=\"border-color:rgba(92, 92, 92, 0.81);border-width:1px 0px 0px 0px;margin:1x 0px 0px 0px;\">\n\t<\/div>\n\n\t\t<\/div>\n\n\t\t\n\n\t\t<div class=\"section-content relative\">\n\t\t\t\n\t<div id=\"gap-1902880782\" class=\"gap-element clearfix\" style=\"display:block; height:auto;\">\n\t\t\n<style>\n#gap-1902880782 {\n  padding-top: 30px;\n}\n<\/style>\n\t<\/div>\n\t\n<div class=\"row align-equal\"  id=\"row-1917502206\">\n\n\t<div id=\"col-1778404563\" class=\"col medium-6 small-12 large-6\"  >\n\t\t\t\t<div class=\"col-inner text-center\"  >\n\t\t\t\n\t\t\t\n\t<div class=\"img has-hover x md-x lg-x y md-y lg-y\" id=\"image_723278619\">\n\t\t\t\t\t\t\t\t<div class=\"img-inner image-cover box-shadow-1 dark\" style=\"padding-top:100%;\">\n\t\t\t<img width=\"782\" height=\"1024\" src=\"https:\/\/www.scalpcamo.com\/wp-content\/uploads\/2020\/05\/99247282_661779251049085_6336286666772185088_n-782x1024.jpg\" class=\"attachment-large size-large\" alt=\"\" srcset=\"https:\/\/www.scalpcamo.com\/wp-content\/uploads\/2020\/05\/99247282_661779251049085_6336286666772185088_n-782x1024.jpg 782w, https:\/\/www.scalpcamo.com\/wp-content\/uploads\/2020\/05\/99247282_661779251049085_6336286666772185088_n-229x300.jpg 229w, https:\/\/www.scalpcamo.com\/wp-content\/uploads\/2020\/05\/99247282_661779251049085_6336286666772185088_n-768x1006.jpg 768w, https:\/\/www.scalpcamo.com\/wp-content\/uploads\/2020\/05\/99247282_661779251049085_6336286666772185088_n-1172x1536.jpg 1172w, https:\/\/www.scalpcamo.com\/wp-content\/uploads\/2020\/05\/99247282_661779251049085_6336286666772185088_n.jpg 1563w\" sizes=\"(max-width: 782px) 100vw, 782px\" \/>\t\t\t\t\t\t\n\t\t\t\t\t<\/div>\n\t\t\t\t\t\t\t\t\n<style>\n#image_723278619 {\n  width: 90%;\n}\n<\/style>\n\t<\/div>\n\t\n\t\t<\/div>\n\t\t\t\t\t<\/div>\n\n\t\n\n\t<div id=\"col-1368291865\" class=\"col medium-6 small-12 large-6\"  data-animate=\"fadeInUp\">\n\t\t\t\t<div class=\"col-inner text-center\"  >\n\t\t\t\n\t\t\t\n<h2 class=\"uppercase\" style=\"text-align: center;\"><span style=\"font-size: 140%;\"><strong>Comment la SMP peut vous aider?<\/strong><\/span><\/h2>\n<div class=\"is-divider divider clearfix\" style=\"max-width:50px;background-color:rgba(95, 95, 95, 0.49);\"><\/div>\n<p>Le look t\u00eate ras\u00e9e n\u2019est qu\u2019une partie de l\u2019histoire. Un nombre grandissant d\u2019hommes gardent leurs cheveux plus longs et utilisent la SMP pour cr\u00e9er un effet de densit\u00e9. Cette option est parfaite pour ceux qui ne veulent pas se raser les cheveux. Les traitements de densification comme ceci sont \u00e9galement utilis\u00e9s par les femmes qui veulent combattre l\u2019\u00e9claircissement de leur chevelure ou cacher des plaques chauves. <\/p>\n<p>La micropigmentation capillaire est aussi commun\u00e9ment utilis\u00e9e pour camoufler les cicatrices de transplantation de cheveux de m\u00eame que les cicatrices de neurochirurgie et d\u2019accidents de trauma \u00e0 la t\u00eate. C\u2019est \u00e9galement la seule solution pour les personnes souffrant d\u2019alop\u00e9cie offrant des r\u00e9sultats garantis et instantan\u00e9s.<\/p>\n<p>Chaque client est unique, il en va de m\u00eame pour chaque traitement de SMP. Votre plan de traitement est enti\u00e8rement con\u00e7u sur mesure pour satisfaire vos besoins sp\u00e9cifiques et obtenir l\u2019effet escompt\u00e9. Nous nous effor\u00e7ons d\u2019assurer que vous obtiendrez exactement ce qui vous recherchez de votre exp\u00e9rience de micropigmentation capillaire. <\/p>\n\t\t<\/div>\n\t\t\t\t\n<style>\n#col-1368291865 > .col-inner {\n  padding: 40px 0px 0px 0px;\n}\n<\/style>\n\t<\/div>\n\n\t\n<\/div>\n\t\t<\/div>\n\n\t\t\n<style>\n#section_532769476 {\n  padding-top: 30px;\n  padding-bottom: 30px;\n}\n#section_532769476 .section-bg-overlay {\n  background-color: rgba(178, 178, 178, 0.34);\n}\n#section_532769476 .ux-shape-divider--top svg {\n  height: 150px;\n  --divider-top-width: 100%;\n}\n#section_532769476 .ux-shape-divider--bottom svg {\n  height: 150px;\n  --divider-width: 100%;\n}\n<\/style>\n\t<\/section>\n\t\n","protected":false},"excerpt":{"rendered":"","protected":false},"author":3,"featured_media":0,"parent":0,"menu_order":0,"comment_status":"closed","ping_status":"closed","template":"page-transparent-header-light.php","meta":[],"yoast_head":"<!-- This site is optimized with the Yoast SEO plugin v19.6.1 - https:\/\/yoast.com\/wordpress\/plugins\/seo\/ -->\n<title>Scalp Micropigmentation (SMP) Services For Hair Loss | Scalp Camo<\/title>\n<meta name=\"description\" content=\"A modern, low maintenance solution for hair loss, scalp micropigmentation is changing the lives of men and women worldwide. More than half a million people have chosen SMP to hide their hair loss, and popularity of this incredible camouflage for thinning hair continues to grow.\" \/>\n<meta name=\"robots\" content=\"index, follow, max-snippet:-1, max-image-preview:large, max-video-preview:-1\" \/>\n<link rel=\"canonical\" href=\"https:\/\/www.scalpcamo.com\/fr\/smp-pour-hommes\/\" \/>\n<meta property=\"og:locale\" content=\"fr_FR\" \/>\n<meta property=\"og:type\" content=\"article\" \/>\n<meta property=\"og:title\" content=\"Scalp Micropigmentation (SMP) Services For Hair Loss | Scalp Camo\" \/>\n<meta property=\"og:description\" content=\"A modern, low maintenance solution for hair loss, scalp micropigmentation is changing the lives of men and women worldwide. More than half a million people have chosen SMP to hide their hair loss, and popularity of this incredible camouflage for thinning hair continues to grow.\" \/>\n<meta property=\"og:url\" content=\"https:\/\/www.scalpcamo.com\/fr\/smp-pour-hommes\/\" \/>\n<meta property=\"og:site_name\" content=\"Scalp Camo\" \/>\n<meta property=\"article:modified_time\" content=\"2020-06-12T20:36:14+00:00\" \/>\n<meta property=\"og:image\" content=\"https:\/\/www.scalpcamo.com\/wp-content\/uploads\/2020\/05\/man-in-plaid-shirt-and-tattered-jeans-leaning-on-wall-3967690-scaled.jpg\" \/>\n<meta name=\"twitter:card\" content=\"summary_large_image\" \/>\n<meta name=\"twitter:label1\" content=\"Dur\u00e9e de lecture estim\u00e9e\" \/>\n\t<meta name=\"twitter:data1\" content=\"3 minutes\" \/>\n<script type=\"application\/ld+json\" class=\"yoast-schema-graph\">{\"@context\":\"https:\/\/schema.org\",\"@graph\":[{\"@type\":\"WebPage\",\"@id\":\"https:\/\/www.scalpcamo.com\/fr\/smp-pour-hommes\/\",\"url\":\"https:\/\/www.scalpcamo.com\/fr\/smp-pour-hommes\/\",\"name\":\"Scalp Micropigmentation (SMP) Services For Hair Loss | Scalp Camo\",\"isPartOf\":{\"@id\":\"https:\/\/www.scalpcamo.com\/fr\/#website\"},\"datePublished\":\"2020-06-12T13:06:50+00:00\",\"dateModified\":\"2020-06-12T20:36:14+00:00\",\"description\":\"A modern, low maintenance solution for hair loss, scalp micropigmentation is changing the lives of men and women worldwide. More than half a million people have chosen SMP to hide their hair loss, and popularity of this incredible camouflage for thinning hair continues to grow.\",\"breadcrumb\":{\"@id\":\"https:\/\/www.scalpcamo.com\/fr\/smp-pour-hommes\/#breadcrumb\"},\"inLanguage\":\"fr-FR\",\"potentialAction\":[{\"@type\":\"ReadAction\",\"target\":[\"https:\/\/www.scalpcamo.com\/fr\/smp-pour-hommes\/\"]}]},{\"@type\":\"BreadcrumbList\",\"@id\":\"https:\/\/www.scalpcamo.com\/fr\/smp-pour-hommes\/#breadcrumb\",\"itemListElement\":[{\"@type\":\"ListItem\",\"position\":1,\"name\":\"Home\",\"item\":\"https:\/\/www.scalpcamo.com\/fr\/\"},{\"@type\":\"ListItem\",\"position\":2,\"name\":\"SMP Pour Hommes\"}]},{\"@type\":\"WebSite\",\"@id\":\"https:\/\/www.scalpcamo.com\/fr\/#website\",\"url\":\"https:\/\/www.scalpcamo.com\/fr\/\",\"name\":\"Scalp Camo\",\"description\":\"Quebec Scalp Micropigmentation\",\"potentialAction\":[{\"@type\":\"SearchAction\",\"target\":{\"@type\":\"EntryPoint\",\"urlTemplate\":\"https:\/\/www.scalpcamo.com\/fr\/?s={search_term_string}\"},\"query-input\":\"required name=search_term_string\"}],\"inLanguage\":\"fr-FR\"}]}<\/script>\n<!-- \/ Yoast SEO plugin. -->","yoast_head_json":{"title":"Scalp Micropigmentation (SMP) Services For Hair Loss | Scalp Camo","description":"A modern, low maintenance solution for hair loss, scalp micropigmentation is changing the lives of men and women worldwide. More than half a million people have chosen SMP to hide their hair loss, and popularity of this incredible camouflage for thinning hair continues to grow.","robots":{"index":"index","follow":"follow","max-snippet":"max-snippet:-1","max-image-preview":"max-image-preview:large","max-video-preview":"max-video-preview:-1"},"canonical":"https:\/\/www.scalpcamo.com\/fr\/smp-pour-hommes\/","og_locale":"fr_FR","og_type":"article","og_title":"Scalp Micropigmentation (SMP) Services For Hair Loss | Scalp Camo","og_description":"A modern, low maintenance solution for hair loss, scalp micropigmentation is changing the lives of men and women worldwide. More than half a million people have chosen SMP to hide their hair loss, and popularity of this incredible camouflage for thinning hair continues to grow.","og_url":"https:\/\/www.scalpcamo.com\/fr\/smp-pour-hommes\/","og_site_name":"Scalp Camo","article_modified_time":"2020-06-12T20:36:14+00:00","og_image":[{"url":"https:\/\/www.scalpcamo.com\/wp-content\/uploads\/2020\/05\/man-in-plaid-shirt-and-tattered-jeans-leaning-on-wall-3967690-scaled.jpg"}],"twitter_card":"summary_large_image","twitter_misc":{"Dur\u00e9e de lecture estim\u00e9e":"3 minutes"},"schema":{"@context":"https:\/\/schema.org","@graph":[{"@type":"WebPage","@id":"https:\/\/www.scalpcamo.com\/fr\/smp-pour-hommes\/","url":"https:\/\/www.scalpcamo.com\/fr\/smp-pour-hommes\/","name":"Scalp Micropigmentation (SMP) Services For Hair Loss | Scalp Camo","isPartOf":{"@id":"https:\/\/www.scalpcamo.com\/fr\/#website"},"datePublished":"2020-06-12T13:06:50+00:00","dateModified":"2020-06-12T20:36:14+00:00","description":"A modern, low maintenance solution for hair loss, scalp micropigmentation is changing the lives of men and women worldwide. More than half a million people have chosen SMP to hide their hair loss, and popularity of this incredible camouflage for thinning hair continues to grow.","breadcrumb":{"@id":"https:\/\/www.scalpcamo.com\/fr\/smp-pour-hommes\/#breadcrumb"},"inLanguage":"fr-FR","potentialAction":[{"@type":"ReadAction","target":["https:\/\/www.scalpcamo.com\/fr\/smp-pour-hommes\/"]}]},{"@type":"BreadcrumbList","@id":"https:\/\/www.scalpcamo.com\/fr\/smp-pour-hommes\/#breadcrumb","itemListElement":[{"@type":"ListItem","position":1,"name":"Home","item":"https:\/\/www.scalpcamo.com\/fr\/"},{"@type":"ListItem","position":2,"name":"SMP Pour Hommes"}]},{"@type":"WebSite","@id":"https:\/\/www.scalpcamo.com\/fr\/#website","url":"https:\/\/www.scalpcamo.com\/fr\/","name":"Scalp Camo","description":"Quebec Scalp Micropigmentation","potentialAction":[{"@type":"SearchAction","target":{"@type":"EntryPoint","urlTemplate":"https:\/\/www.scalpcamo.com\/fr\/?s={search_term_string}"},"query-input":"required name=search_term_string"}],"inLanguage":"fr-FR"}]}},"_links":{"self":[{"href":"https:\/\/www.scalpcamo.com\/fr\/wp-json\/wp\/v2\/pages\/1296"}],"collection":[{"href":"https:\/\/www.scalpcamo.com\/fr\/wp-json\/wp\/v2\/pages"}],"about":[{"href":"https:\/\/www.scalpcamo.com\/fr\/wp-json\/wp\/v2\/types\/page"}],"author":[{"embeddable":true,"href":"https:\/\/www.scalpcamo.com\/fr\/wp-json\/wp\/v2\/users\/3"}],"replies":[{"embeddable":true,"href":"https:\/\/www.scalpcamo.com\/fr\/wp-json\/wp\/v2\/comments?post=1296"}],"version-history":[{"count":3,"href":"https:\/\/www.scalpcamo.com\/fr\/wp-json\/wp\/v2\/pages\/1296\/revisions"}],"predecessor-version":[{"id":1374,"href":"https:\/\/www.scalpcamo.com\/fr\/wp-json\/wp\/v2\/pages\/1296\/revisions\/1374"}],"wp:attachment":[{"href":"https:\/\/www.scalpcamo.com\/fr\/wp-json\/wp\/v2\/media?parent=1296"}],"curies":[{"name":"wp","href":"https:\/\/api.w.org\/{rel}","templated":true}]}}