{"id":1294,"date":"2020-06-12T13:06:35","date_gmt":"2020-06-12T13:06:35","guid":{"rendered":"https:\/\/www.scalpcamo.com\/smp-for-alopecia\/"},"modified":"2020-06-12T21:21:24","modified_gmt":"2020-06-12T21:21:24","slug":"smp-pour-lalopecie","status":"publish","type":"page","link":"https:\/\/www.scalpcamo.com\/fr\/smp-pour-lalopecie\/","title":{"rendered":"SMP POUR L\u2019ALOP\u00c9CIE"},"content":{"rendered":"\t<section class=\"section\" id=\"section_1256357504\">\n\t\t<div class=\"bg section-bg fill bg-fill  bg-loaded\" >\n\n\t\t\t\n\t\t\t<div class=\"section-bg-overlay absolute fill\"><\/div>\n\t\t\t\n\n\t\t<\/div>\n\n\t\t\n\n\t\t<div class=\"section-content relative\">\n\t\t\t\n\n  <div class=\"banner has-hover\" id=\"banner-284317474\">\n          <div class=\"banner-inner fill\">\n        <div class=\"banner-bg fill\" >\n            <div class=\"bg fill bg-fill \"><\/div>\n                        <div class=\"overlay\"><\/div>            \n                    <\/div>\n\t\t\n        <div class=\"banner-layers container\">\n            <div class=\"fill banner-link\"><\/div>            \n   <div id=\"text-box-1037267460\" class=\"text-box banner-layer x50 md-x50 lg-x50 y90 md-y90 lg-y90 res-text\">\n                                <div class=\"text-box-content text dark\">\n              \n              <div class=\"text-inner text-center\">\n                  \n\t<div id=\"gap-608750007\" class=\"gap-element clearfix\" style=\"display:block; height:auto;\">\n\t\t\n<style>\n#gap-608750007 {\n  padding-top: 50px;\n}\n<\/style>\n\t<\/div>\n\t\n<h2 class=\"uppercase thin-font\"><span style=\"color: #d4d4d4;\">La micropigmentation capillaire pour l\u2019alop\u00e9cie<\/span><\/h2>\n              <\/div>\n           <\/div>\n                            \n<style>\n#text-box-1037267460 {\n  width: 95%;\n}\n#text-box-1037267460 .text-box-content {\n  font-size: 90%;\n}\n@media (min-width:550px) {\n  #text-box-1037267460 {\n    width: 70%;\n  }\n  #text-box-1037267460 .text-box-content {\n    font-size: 100%;\n  }\n}\n<\/style>\n    <\/div>\n \n        <\/div>\n      <\/div>\n\n            \n<style>\n#banner-284317474 {\n  padding-top: 500px;\n}\n#banner-284317474 .bg.bg-loaded {\n  background-image: url(https:\/\/www.scalpcamo.com\/wp-content\/uploads\/2020\/05\/man-in-black-leather-jacket-and-black-pants-standing-on-gray-3843577aaa-scaled.jpg);\n}\n#banner-284317474 .overlay {\n  background-color: rgba(15, 15, 15, 0.53);\n}\n#banner-284317474 .bg {\n  background-position: 0% 5%;\n}\n#banner-284317474 .ux-shape-divider--top svg {\n  height: 150px;\n  --divider-top-width: 100%;\n}\n#banner-284317474 .ux-shape-divider--bottom svg {\n  height: 150px;\n  --divider-width: 100%;\n}\n<\/style>\n  <\/div>\n\n\n\t\t<\/div>\n\n\t\t\n<style>\n#section_1256357504 {\n  padding-top: 0px;\n  padding-bottom: 0px;\n  min-height: 500px;\n}\n#section_1256357504 .section-bg-overlay {\n  background-color: rgba(0, 0, 0, 0.7);\n}\n#section_1256357504 .ux-shape-divider--top svg {\n  height: 150px;\n  --divider-top-width: 100%;\n}\n#section_1256357504 .ux-shape-divider--bottom svg {\n  height: 150px;\n  --divider-width: 100%;\n}\n<\/style>\n\t<\/section>\n\t\n\t<section class=\"section\" id=\"section_518471282\">\n\t\t<div class=\"bg section-bg fill bg-fill  bg-loaded\" >\n\n\t\t\t\n\t\t\t<div class=\"section-bg-overlay absolute fill\"><\/div>\n\t\t\t\n\t<div class=\"is-border\"\n\t\tstyle=\"border-color:rgba(92, 92, 92, 0.81);border-width:2px 0px 0px 0px;margin:1x 0px 0px 0px;\">\n\t<\/div>\n\n\t\t<\/div>\n\n\t\t\n\n\t\t<div class=\"section-content relative\">\n\t\t\t\n<div class=\"row align-middle align-center\"  id=\"row-1010823265\">\n\n\t<div id=\"col-1804963929\" class=\"col medium-6 small-12 large-6\"  data-animate=\"fadeInUp\">\n\t\t\t\t<div class=\"col-inner text-center\"  >\n\t\t\t\n\t\t\t\n<h2 class=\"uppercase\" style=\"text-align: center;\"><span style=\"font-size: 140%;\"><strong>SMP pour l\u2019alop\u00e9cie<\/strong><\/span><\/h2>\n<div class=\"is-divider divider clearfix\" style=\"max-width:50px;background-color:rgba(95, 95, 95, 0.49);\"><\/div>\n<p>L\u2019alop\u00e9cie peut causer un important sentiment de d\u00e9tresse et beaucoup d\u2019anxi\u00e9t\u00e9 aux personnes qui souffrent de cette condition. Allant de la perte de cheveux en plaques, connue sous le nom de alopecia areata, \u00e0 la perte compl\u00e8te des cheveux sur la t\u00eate (alopecia totalis), l\u2019impact aussi bien chez les hommes que chez les femmes est s\u00e9v\u00e8re dure longtemps.<\/p>\n<p>La micropigmentation capillaire demeure la SEULE solution garantie pour l\u2019alop\u00e9cie. La SMP n\u2019est pas un rem\u00e8de, mais une mani\u00e8re hautement efficace de couvrir les sympt\u00f4mes et qui permet de boucler la boucle pour les personnes qui souffrent d\u2019alop\u00e9cie.<\/p>\n<p>Utilisant des milliers de minuscules d\u00e9p\u00f4ts de pigment, la micropigmentation capillaire mimique l\u2019apparence de cheveux ras\u00e9s chez l\u2019homme, ou pour les femmes qui d\u00e9sirent garder leurs cheveux plus longs, la SMP peut \u00eatre utilis\u00e9e pour camoufler des plaques ou de la calvitie diffuse. Certains types plus rares comme l\u2019alop\u00e9cie cicatricielle, l\u2019alop\u00e9cie de traction et la telogen effluvium peuvent \u00e9galement \u00eatre d\u00e9guis\u00e9s avec la micropigmentation capillaire. <\/p>\n<p>Cette solution moderne change la donne pour les personnes souffrant d\u2019alop\u00e9cie. Maintenant plus forc\u00e9s de se tourner vers des rem\u00e8des la plupart du temps non-efficaces comme l\u2019immunoth\u00e9rapie, les injections cortizo\u00efdes et le minoxidil, il existe maintenant pour elles une r\u00e9elle solution qui offre des r\u00e9sultats concrets et instantan\u00e9s.<\/p>\n\t\t<\/div>\n\t\t\t\t\n<style>\n#col-1804963929 > .col-inner {\n  padding: 40px 0px 0px 0px;\n}\n<\/style>\n\t<\/div>\n\n\t\n\n\t<div id=\"col-9724035\" class=\"col medium-6 small-12 large-6\"  data-animate=\"fadeInUp\">\n\t\t\t\t<div class=\"col-inner text-center\"  >\n\t\t\t\n\t\t\t\n\t<div class=\"img has-hover x md-x lg-x y md-y lg-y\" id=\"image_1224530805\">\n\t\t\t\t\t\t\t\t<div class=\"img-inner image-cover box-shadow-1 dark\" style=\"padding-top:100%;\">\n\t\t\t<img width=\"1020\" height=\"1020\" src=\"https:\/\/www.scalpcamo.com\/wp-content\/uploads\/2020\/05\/portrait-photo-of-smiling-man-with-his-arms-crossed-standing-23790aa04-1024x1024.jpg\" class=\"attachment-large size-large\" alt=\"\" srcset=\"https:\/\/www.scalpcamo.com\/wp-content\/uploads\/2020\/05\/portrait-photo-of-smiling-man-with-his-arms-crossed-standing-23790aa04-1024x1024.jpg 1024w, https:\/\/www.scalpcamo.com\/wp-content\/uploads\/2020\/05\/portrait-photo-of-smiling-man-with-his-arms-crossed-standing-23790aa04-300x300.jpg 300w, https:\/\/www.scalpcamo.com\/wp-content\/uploads\/2020\/05\/portrait-photo-of-smiling-man-with-his-arms-crossed-standing-23790aa04-150x150.jpg 150w, https:\/\/www.scalpcamo.com\/wp-content\/uploads\/2020\/05\/portrait-photo-of-smiling-man-with-his-arms-crossed-standing-23790aa04-768x768.jpg 768w, https:\/\/www.scalpcamo.com\/wp-content\/uploads\/2020\/05\/portrait-photo-of-smiling-man-with-his-arms-crossed-standing-23790aa04-1536x1536.jpg 1536w, https:\/\/www.scalpcamo.com\/wp-content\/uploads\/2020\/05\/portrait-photo-of-smiling-man-with-his-arms-crossed-standing-23790aa04-scaled.jpg 2048w\" sizes=\"(max-width: 1020px) 100vw, 1020px\" \/>\t\t\t\t\t\t\n\t\t\t\t\t<\/div>\n\t\t\t\t\t\t\t\t\n<style>\n#image_1224530805 {\n  width: 90%;\n}\n<\/style>\n\t<\/div>\n\t\n\t\t<\/div>\n\t\t\t\t\n<style>\n#col-9724035 > .col-inner {\n  padding: 50px 0px 0px 0px;\n}\n<\/style>\n\t<\/div>\n\n\t\n<\/div>\n\t\t<\/div>\n\n\t\t\n<style>\n#section_518471282 {\n  padding-top: 30px;\n  padding-bottom: 30px;\n}\n#section_518471282 .section-bg-overlay {\n  background-color: rgba(255, 255, 255, 0.92);\n}\n#section_518471282 .ux-shape-divider--top svg {\n  height: 150px;\n  --divider-top-width: 100%;\n}\n#section_518471282 .ux-shape-divider--bottom svg {\n  height: 150px;\n  --divider-width: 100%;\n}\n<\/style>\n\t<\/section>\n\t\n\t<section class=\"section\" id=\"section_267357624\">\n\t\t<div class=\"bg section-bg fill bg-fill  bg-loaded\" >\n\n\t\t\t\n\t\t\t<div class=\"section-bg-overlay absolute fill\"><\/div>\n\t\t\t\n\t<div class=\"is-border\"\n\t\tstyle=\"border-color:rgba(92, 92, 92, 0.81);border-width:1px 0px 0px 0px;margin:1x 0px 0px 0px;\">\n\t<\/div>\n\n\t\t<\/div>\n\n\t\t\n\n\t\t<div class=\"section-content relative\">\n\t\t\t\n\t<div id=\"gap-95272606\" class=\"gap-element clearfix\" style=\"display:block; height:auto;\">\n\t\t\n<style>\n#gap-95272606 {\n  padding-top: 30px;\n}\n<\/style>\n\t<\/div>\n\t\n<div class=\"row align-equal\"  id=\"row-779126491\">\n\n\t<div id=\"col-941609518\" class=\"col medium-6 small-12 large-6\"  >\n\t\t\t\t<div class=\"col-inner text-center\"  >\n\t\t\t\n\t\t\t\n\t<div class=\"img has-hover x md-x lg-x y md-y lg-y\" id=\"image_1519952749\">\n\t\t\t\t\t\t\t\t<div class=\"img-inner image-cover box-shadow-1 dark\" style=\"padding-top:100%;\">\n\t\t\t<img width=\"768\" height=\"1024\" src=\"https:\/\/www.scalpcamo.com\/wp-content\/uploads\/2020\/05\/99010921_283357892834789_9028260872417443840_n-768x1024.jpg\" class=\"attachment-large size-large\" alt=\"\" srcset=\"https:\/\/www.scalpcamo.com\/wp-content\/uploads\/2020\/05\/99010921_283357892834789_9028260872417443840_n-768x1024.jpg 768w, https:\/\/www.scalpcamo.com\/wp-content\/uploads\/2020\/05\/99010921_283357892834789_9028260872417443840_n-225x300.jpg 225w, https:\/\/www.scalpcamo.com\/wp-content\/uploads\/2020\/05\/99010921_283357892834789_9028260872417443840_n-1152x1536.jpg 1152w, https:\/\/www.scalpcamo.com\/wp-content\/uploads\/2020\/05\/99010921_283357892834789_9028260872417443840_n.jpg 1536w\" sizes=\"(max-width: 768px) 100vw, 768px\" \/>\t\t\t\t\t\t\n\t\t\t\t\t<\/div>\n\t\t\t\t\t\t\t\t\n<style>\n#image_1519952749 {\n  width: 90%;\n}\n<\/style>\n\t<\/div>\n\t\n\t\t<\/div>\n\t\t\t\t\t<\/div>\n\n\t\n\n\t<div id=\"col-622963395\" class=\"col medium-6 small-12 large-6\"  data-animate=\"fadeInUp\">\n\t\t\t\t<div class=\"col-inner text-center\"  >\n\t\t\t\n\t\t\t\n<h2 class=\"uppercase\" style=\"text-align: center;\"><span style=\"font-size: 140%;\"><strong>Comment la SMP peut vous aider?<\/strong><\/span><\/h2>\n<div class=\"is-divider divider clearfix\" style=\"max-width:50px;background-color:rgba(95, 95, 95, 0.49);\"><\/div>\n<p>Si vous consid\u00e9rez la micropigmentation capillaire, la premi\u00e8re \u00e9tape est une \u00e9valuation compl\u00e8te de vos sympt\u00f4mes afin que vous puissions d\u00e9terminer la faisabilit\u00e9 et sugg\u00e9rer le plan de traitement le plus appropri\u00e9. Les consultations peuvent se faire en personne ou par t\u00e9l\u00e9phone avec support photo. <\/p>\n<p>Plusieurs techniciens en micropigmentation capillaire ne comprennent simplement que la base du processus de traitement. Les exigences que comportent des traitements sp\u00e9cialis\u00e9s comme le camouflage de l\u2019alop\u00e9cie ou de cicatrices requi\u00e8rent des connaissances plus approfondies pour \u00eatre faits de fa\u00e7on s\u00e9curitaire et efficace. <\/p>\n<p>Lorsqu\u2019une personne fait de l\u2019alop\u00e9cie, les propri\u00e9t\u00e9s de sa peau change. Le processus de traitement devient plus long et plus complexe, une compr\u00e9hension approfondie est donc n\u00e9cessaire pour mesurer ce qui pourrait se produire dans le futur, afin d\u2019adapter le traitement en cons\u00e9quence. <\/p>\n<p>Nous sommes des sp\u00e9cialistes de la peau et de l\u2019alop\u00e9cie, et nos clients sont assur\u00e9s de r\u00e9sultats de premi\u00e8re qualit\u00e9 et d\u2019un excellent service, \u00e0 chaque \u00e9tape du traitement.  <\/p>\n\t\t<\/div>\n\t\t\t\t\n<style>\n#col-622963395 > .col-inner {\n  padding: 40px 0px 0px 0px;\n}\n<\/style>\n\t<\/div>\n\n\t\n<\/div>\n\t\t<\/div>\n\n\t\t\n<style>\n#section_267357624 {\n  padding-top: 30px;\n  padding-bottom: 30px;\n}\n#section_267357624 .section-bg-overlay {\n  background-color: rgba(178, 178, 178, 0.34);\n}\n#section_267357624 .ux-shape-divider--top svg {\n  height: 150px;\n  --divider-top-width: 100%;\n}\n#section_267357624 .ux-shape-divider--bottom svg {\n  height: 150px;\n  --divider-width: 100%;\n}\n<\/style>\n\t<\/section>\n\t\n","protected":false},"excerpt":{"rendered":"","protected":false},"author":3,"featured_media":0,"parent":0,"menu_order":0,"comment_status":"closed","ping_status":"closed","template":"page-transparent-header-light.php","meta":[],"yoast_head":"<!-- This site is optimized with the Yoast SEO plugin v19.6.1 - https:\/\/yoast.com\/wordpress\/plugins\/seo\/ -->\n<title>Scalp Micropigmentation (SMP) For Alopecia | Scalp Camo<\/title>\n<meta name=\"description\" content=\"Scalp micropigmentation remains the ONLY guaranteed solution for alopecia. SMP is not a cure, but a highly effective cover-up for its symptoms that provides genuine closure for alopecia sufferers.\" \/>\n<meta name=\"robots\" content=\"index, follow, max-snippet:-1, max-image-preview:large, max-video-preview:-1\" \/>\n<link rel=\"canonical\" href=\"https:\/\/www.scalpcamo.com\/fr\/smp-pour-lalopecie\/\" \/>\n<meta property=\"og:locale\" content=\"fr_FR\" \/>\n<meta property=\"og:type\" content=\"article\" \/>\n<meta property=\"og:title\" content=\"Scalp Micropigmentation (SMP) For Alopecia | Scalp Camo\" \/>\n<meta property=\"og:description\" content=\"Scalp micropigmentation remains the ONLY guaranteed solution for alopecia. SMP is not a cure, but a highly effective cover-up for its symptoms that provides genuine closure for alopecia sufferers.\" \/>\n<meta property=\"og:url\" content=\"https:\/\/www.scalpcamo.com\/fr\/smp-pour-lalopecie\/\" \/>\n<meta property=\"og:site_name\" content=\"Scalp Camo\" \/>\n<meta property=\"article:modified_time\" content=\"2020-06-12T21:21:24+00:00\" \/>\n<meta property=\"og:image\" content=\"https:\/\/www.scalpcamo.com\/wp-content\/uploads\/2020\/05\/man-wearing-white-crew-neck-t-shirt-while-looking-up-1708528-scaled.jpg\" \/>\n<meta name=\"twitter:card\" content=\"summary_large_image\" \/>\n<meta name=\"twitter:label1\" content=\"Dur\u00e9e de lecture estim\u00e9e\" \/>\n\t<meta name=\"twitter:data1\" content=\"3 minutes\" \/>\n<script type=\"application\/ld+json\" class=\"yoast-schema-graph\">{\"@context\":\"https:\/\/schema.org\",\"@graph\":[{\"@type\":\"WebPage\",\"@id\":\"https:\/\/www.scalpcamo.com\/fr\/smp-pour-lalopecie\/\",\"url\":\"https:\/\/www.scalpcamo.com\/fr\/smp-pour-lalopecie\/\",\"name\":\"Scalp Micropigmentation (SMP) For Alopecia | Scalp Camo\",\"isPartOf\":{\"@id\":\"https:\/\/www.scalpcamo.com\/fr\/#website\"},\"datePublished\":\"2020-06-12T13:06:35+00:00\",\"dateModified\":\"2020-06-12T21:21:24+00:00\",\"description\":\"Scalp micropigmentation remains the ONLY guaranteed solution for alopecia. SMP is not a cure, but a highly effective cover-up for its symptoms that provides genuine closure for alopecia sufferers.\",\"breadcrumb\":{\"@id\":\"https:\/\/www.scalpcamo.com\/fr\/smp-pour-lalopecie\/#breadcrumb\"},\"inLanguage\":\"fr-FR\",\"potentialAction\":[{\"@type\":\"ReadAction\",\"target\":[\"https:\/\/www.scalpcamo.com\/fr\/smp-pour-lalopecie\/\"]}]},{\"@type\":\"BreadcrumbList\",\"@id\":\"https:\/\/www.scalpcamo.com\/fr\/smp-pour-lalopecie\/#breadcrumb\",\"itemListElement\":[{\"@type\":\"ListItem\",\"position\":1,\"name\":\"Home\",\"item\":\"https:\/\/www.scalpcamo.com\/fr\/\"},{\"@type\":\"ListItem\",\"position\":2,\"name\":\"SMP POUR L\u2019ALOP\u00c9CIE\"}]},{\"@type\":\"WebSite\",\"@id\":\"https:\/\/www.scalpcamo.com\/fr\/#website\",\"url\":\"https:\/\/www.scalpcamo.com\/fr\/\",\"name\":\"Scalp Camo\",\"description\":\"Quebec Scalp Micropigmentation\",\"potentialAction\":[{\"@type\":\"SearchAction\",\"target\":{\"@type\":\"EntryPoint\",\"urlTemplate\":\"https:\/\/www.scalpcamo.com\/fr\/?s={search_term_string}\"},\"query-input\":\"required name=search_term_string\"}],\"inLanguage\":\"fr-FR\"}]}<\/script>\n<!-- \/ Yoast SEO plugin. -->","yoast_head_json":{"title":"Scalp Micropigmentation (SMP) For Alopecia | Scalp Camo","description":"Scalp micropigmentation remains the ONLY guaranteed solution for alopecia. SMP is not a cure, but a highly effective cover-up for its symptoms that provides genuine closure for alopecia sufferers.","robots":{"index":"index","follow":"follow","max-snippet":"max-snippet:-1","max-image-preview":"max-image-preview:large","max-video-preview":"max-video-preview:-1"},"canonical":"https:\/\/www.scalpcamo.com\/fr\/smp-pour-lalopecie\/","og_locale":"fr_FR","og_type":"article","og_title":"Scalp Micropigmentation (SMP) For Alopecia | Scalp Camo","og_description":"Scalp micropigmentation remains the ONLY guaranteed solution for alopecia. SMP is not a cure, but a highly effective cover-up for its symptoms that provides genuine closure for alopecia sufferers.","og_url":"https:\/\/www.scalpcamo.com\/fr\/smp-pour-lalopecie\/","og_site_name":"Scalp Camo","article_modified_time":"2020-06-12T21:21:24+00:00","og_image":[{"url":"https:\/\/www.scalpcamo.com\/wp-content\/uploads\/2020\/05\/man-wearing-white-crew-neck-t-shirt-while-looking-up-1708528-scaled.jpg"}],"twitter_card":"summary_large_image","twitter_misc":{"Dur\u00e9e de lecture estim\u00e9e":"3 minutes"},"schema":{"@context":"https:\/\/schema.org","@graph":[{"@type":"WebPage","@id":"https:\/\/www.scalpcamo.com\/fr\/smp-pour-lalopecie\/","url":"https:\/\/www.scalpcamo.com\/fr\/smp-pour-lalopecie\/","name":"Scalp Micropigmentation (SMP) For Alopecia | Scalp Camo","isPartOf":{"@id":"https:\/\/www.scalpcamo.com\/fr\/#website"},"datePublished":"2020-06-12T13:06:35+00:00","dateModified":"2020-06-12T21:21:24+00:00","description":"Scalp micropigmentation remains the ONLY guaranteed solution for alopecia. SMP is not a cure, but a highly effective cover-up for its symptoms that provides genuine closure for alopecia sufferers.","breadcrumb":{"@id":"https:\/\/www.scalpcamo.com\/fr\/smp-pour-lalopecie\/#breadcrumb"},"inLanguage":"fr-FR","potentialAction":[{"@type":"ReadAction","target":["https:\/\/www.scalpcamo.com\/fr\/smp-pour-lalopecie\/"]}]},{"@type":"BreadcrumbList","@id":"https:\/\/www.scalpcamo.com\/fr\/smp-pour-lalopecie\/#breadcrumb","itemListElement":[{"@type":"ListItem","position":1,"name":"Home","item":"https:\/\/www.scalpcamo.com\/fr\/"},{"@type":"ListItem","position":2,"name":"SMP POUR L\u2019ALOP\u00c9CIE"}]},{"@type":"WebSite","@id":"https:\/\/www.scalpcamo.com\/fr\/#website","url":"https:\/\/www.scalpcamo.com\/fr\/","name":"Scalp Camo","description":"Quebec Scalp Micropigmentation","potentialAction":[{"@type":"SearchAction","target":{"@type":"EntryPoint","urlTemplate":"https:\/\/www.scalpcamo.com\/fr\/?s={search_term_string}"},"query-input":"required name=search_term_string"}],"inLanguage":"fr-FR"}]}},"_links":{"self":[{"href":"https:\/\/www.scalpcamo.com\/fr\/wp-json\/wp\/v2\/pages\/1294"}],"collection":[{"href":"https:\/\/www.scalpcamo.com\/fr\/wp-json\/wp\/v2\/pages"}],"about":[{"href":"https:\/\/www.scalpcamo.com\/fr\/wp-json\/wp\/v2\/types\/page"}],"author":[{"embeddable":true,"href":"https:\/\/www.scalpcamo.com\/fr\/wp-json\/wp\/v2\/users\/3"}],"replies":[{"embeddable":true,"href":"https:\/\/www.scalpcamo.com\/fr\/wp-json\/wp\/v2\/comments?post=1294"}],"version-history":[{"count":3,"href":"https:\/\/www.scalpcamo.com\/fr\/wp-json\/wp\/v2\/pages\/1294\/revisions"}],"predecessor-version":[{"id":1385,"href":"https:\/\/www.scalpcamo.com\/fr\/wp-json\/wp\/v2\/pages\/1294\/revisions\/1385"}],"wp:attachment":[{"href":"https:\/\/www.scalpcamo.com\/fr\/wp-json\/wp\/v2\/media?parent=1294"}],"curies":[{"name":"wp","href":"https:\/\/api.w.org\/{rel}","templated":true}]}}